{"id":150,"date":"2025-12-19T21:45:26","date_gmt":"2025-12-19T20:45:26","guid":{"rendered":"https:\/\/bgs.com.pe\/home\/?post_type=product&#038;p=150"},"modified":"2025-12-19T21:45:27","modified_gmt":"2025-12-19T20:45:27","slug":"a5-circular-lamp","status":"publish","type":"product","link":"https:\/\/bgs.com.pe\/home\/producto\/a5-circular-lamp\/","title":{"rendered":"Pieza de mano A5 Circular Lamp"},"content":{"rendered":"<p>La Pieza de Mano A5 Circular Lamp BGS incorpora un aro de luz LED que proporciona una iluminaci\u00f3n uniforme y sin sombras, asegurando m\u00e1xima visibilidad durante cada procedimiento. Su dise\u00f1o ergon\u00f3mico y equilibrado permite un control preciso y c\u00f3modo, optimizando el desempe\u00f1o cl\u00ednico incluso en \u00e1reas de dif\u00edcil acceso.<\/p>\n<p>\u2022 Rodaje: Cer\u00e1mico alem\u00e1n<br \/>\n\u2022 Velocidad: 320.000 RPM<br \/>\n\u2022 Presi\u00f3n de aire: 30 PSI<br \/>\n\u2022 Irrigaci\u00f3n: 5 salidas de agua<br \/>\n\u2022 Ruido: \u226460dB<br \/>\n\u2022 Di\u00e1metro de la fresa: \u0424 1.595 \u2013 1.600 mm<br \/>\n\u2022 Con Push Button<br \/>\n\u2022 Con 5 puntos LED en el cabezal que proporciona mayor iluminaci\u00f3n<br \/>\n\u2022 Sistema antirretorno: Previene la contaminaci\u00f3n cruzada y protege los componentes internos de la unidad dental<br \/>\n\u2022 Autoclavable a 134\u00b0C<\/p>\n","protected":false},"excerpt":{"rendered":"<p>Pieza de Mano A5 Circular Lamp con luz LED en aro para una visibilidad uniforme, sin sombras y con mayor precisi\u00f3n en cada procedimiento.<\/p>\n","protected":false},"featured_media":151,"template":"","meta":[],"product_brand":[21],"product_cat":[19,20],"product_tag":[],"class_list":{"0":"post-150","1":"product","2":"type-product","3":"status-publish","4":"has-post-thumbnail","6":"product_brand-bgs","7":"product_cat-equipamiento","8":"product_cat-turbinas","10":"first","11":"instock","12":"shipping-taxable","13":"product-type-simple"},"_links":{"self":[{"href":"https:\/\/bgs.com.pe\/home\/wp-json\/wp\/v2\/product\/150","targetHints":{"allow":["GET"]}}],"collection":[{"href":"https:\/\/bgs.com.pe\/home\/wp-json\/wp\/v2\/product"}],"about":[{"href":"https:\/\/bgs.com.pe\/home\/wp-json\/wp\/v2\/types\/product"}],"wp:featuredmedia":[{"embeddable":true,"href":"https:\/\/bgs.com.pe\/home\/wp-json\/wp\/v2\/media\/151"}],"wp:attachment":[{"href":"https:\/\/bgs.com.pe\/home\/wp-json\/wp\/v2\/media?parent=150"}],"wp:term":[{"taxonomy":"product_brand","embeddable":true,"href":"https:\/\/bgs.com.pe\/home\/wp-json\/wp\/v2\/product_brand?post=150"},{"taxonomy":"product_cat","embeddable":true,"href":"https:\/\/bgs.com.pe\/home\/wp-json\/wp\/v2\/product_cat?post=150"},{"taxonomy":"product_tag","embeddable":true,"href":"https:\/\/bgs.com.pe\/home\/wp-json\/wp\/v2\/product_tag?post=150"}],"curies":[{"name":"wp","href":"https:\/\/api.w.org\/{rel}","templated":true}]}}